{"id":1005,"date":"2018-05-17T21:51:35","date_gmt":"2018-05-17T21:51:35","guid":{"rendered":"http:\/\/demo.zantetheme.com\/?page_id=1005"},"modified":"2021-06-01T00:09:56","modified_gmt":"2021-05-31T22:09:56","slug":"cookies","status":"publish","type":"page","link":"https:\/\/unjardindanslafalaise.com\/it\/cookies\/","title":{"rendered":"Cookie e privacy"},"content":{"rendered":"<p><strong>Definizioni<\/strong><\/p>\n<p>Cliente: qualsiasi professionista o persona fisica capace ai sensi degli articoli 1123 e seguenti del Codice Civile francese, o persona giuridica, che visita il Sito oggetto delle presenti Condizioni Generali.<\/p>\n<p>Servizi: https:\/\/unjardindanslafalaise.com\/ fornisce ai clienti :<\/p>\n<p>Contenuto: tutti gli elementi che compongono le informazioni presenti sul Sito, in particolare testi, immagini e video.<\/p>\n<p>Informazioni sul cliente: Di seguito denominate \"Informazioni\", che corrispondono a tutti i dati personali che possono essere conservati da https:\/\/unjardindanslafalaise.com\/ per la gestione del vostro account, per la gestione delle relazioni con i clienti e per scopi di analisi e statistica.<\/p>\n<p>Utente: utente di Internet che si connette e utilizza il sito di cui sopra.<\/p>\n<p>Informazioni personali: \"Informazioni che consentono, in qualsiasi forma, direttamente o indirettamente, l'identificazione delle persone fisiche cui si riferiscono\" (articolo 4 della legge n. 78-17 del 6 gennaio 1978).<\/p>\n<p>I termini \"dati personali\", \"interessato\", \"subincaricato\" e \"dati sensibili\" hanno il significato definito dal Regolamento generale sulla protezione dei dati (GDPR: n. 2016-679).<\/p>\n<ol>\n<li><strong> Presentazione del sito web.<\/strong><br \/>\nAi sensi dell'articolo 6 della legge francese n. 2004-575 del 21 giugno 2004 sulla fiducia nell'economia digitale, gli utenti del sito https:\/\/unjardindanslafalaise.com\/ sono informati dell'identit\u00e0 dei diversi soggetti coinvolti nella sua creazione e nel suo monitoraggio:<\/li>\n<\/ol>\n<p><strong>Proprietario : <\/strong>Marie-Claire Mauro al 146 rue du bout du lieu, 46330 Cabrerets<br \/>\nResponsabile della pubblicazione: Marie-Claire Mauro<br \/>\nWebmaster: Marie-Claire Mauro<br \/>\nOspitato da :<br \/>\nResponsabile della protezione dei dati: Marie-Claire Mauro<\/p>\n<ol start=\"2\">\n<li><strong> Condizioni generali di utilizzo del sito e dei servizi offerti.<\/strong><br \/>\nIl Sito costituisce un'opera intellettuale protetta dalle disposizioni del Codice della propriet\u00e0 intellettuale francese e dalle normative internazionali applicabili. Il Cliente non potr\u00e0 in alcun modo riutilizzare, trasferire o sfruttare per proprio conto tutti o parte degli elementi o delle opere presenti sul Sito.<\/li>\n<\/ol>\n<p>L'utilizzo del sito web https:\/\/unjardindanslafalaise.com\/ implica la piena accettazione delle condizioni generali di utilizzo di seguito riportate. Le presenti condizioni d'uso possono essere modificate o integrate in qualsiasi momento; si consiglia pertanto agli utenti del sito web https:\/\/unjardindanslafalaise.com\/ di consultarle regolarmente.<\/p>\n<p>Questo sito web \u00e8 normalmente accessibile agli utenti in qualsiasi momento. Tuttavia, https:\/\/unjardindanslafalaise.com\/ pu\u00f2 decidere di interrompere il sito per motivi di manutenzione tecnica, nel qual caso cercher\u00e0 di informare in anticipo gli utenti delle date e degli orari dell'intervento. Il sito https:\/\/unjardindanslafalaise.com\/ viene aggiornato regolarmente. Allo stesso modo, le note legali possono essere modificate in qualsiasi momento: esse sono comunque vincolanti per l'utente, che \u00e8 invitato a consultarle il pi\u00f9 spesso possibile per prenderne visione.<\/p>\n<ol start=\"3\">\n<li><strong> Descrizione dei servizi forniti.<\/strong><br \/>\nLo scopo del sito web https:\/\/unjardindanslafalaise.com\/ \u00e8 quello di fornire informazioni su tutte le attivit\u00e0 dell'azienda. https:\/\/unjardindanslafalaise.com\/ si impegna a fornire informazioni sul sito web https:\/\/unjardindanslafalaise.com\/ che siano il pi\u00f9 possibile accurate. Tuttavia, non pu\u00f2 essere ritenuta responsabile di eventuali omissioni, imprecisioni o mancati aggiornamenti delle informazioni, sia per colpa sua che per colpa di partner terzi che le forniscono tali informazioni.<\/li>\n<\/ol>\n<p>Tutte le informazioni fornite sul sito web https:\/\/unjardindanslafalaise.com\/ sono fornite a titolo indicativo e sono soggette a modifiche. Inoltre, le informazioni contenute nel sito https:\/\/unjardindanslafalaise.com\/ non sono esaustive. Sono soggette a modifiche da quando sono state messe online.<\/p>\n<ol start=\"4\">\n<li><strong> Limitazioni contrattuali sui dati tecnici.<\/strong><br \/>\nIl sito utilizza la tecnologia JavaScript. Il sito non pu\u00f2 essere ritenuto responsabile di eventuali danni materiali legati all'utilizzo del sito. Inoltre, gli utenti del sito si impegnano ad accedervi con apparecchiature recenti e prive di virus e con un browser aggiornato e di ultima generazione. Il sito https:\/\/unjardindanslafalaise.com\/ \u00e8 ospitato da un fornitore di servizi dell'Unione Europea in conformit\u00e0 alle disposizioni del Regolamento generale sulla protezione dei dati (RGPD: n. 2016-679).<\/li>\n<\/ol>\n<p>L'obiettivo \u00e8 fornire un servizio che garantisca il massimo livello di accessibilit\u00e0. L'host garantisce la continuit\u00e0 del servizio 24 ore su 24, tutti i giorni dell'anno. Tuttavia, si riserva il diritto di interrompere il servizio di hosting per il minor tempo possibile, in particolare per motivi di manutenzione, per migliorare le proprie infrastrutture, in caso di guasti alle infrastrutture o se i Servizi generano un traffico ritenuto anomalo.<\/p>\n<p>https:\/\/unjardindanslafalaise.com\/ e l'host non possono essere ritenuti responsabili in caso di malfunzionamento della rete Internet, delle linee telefoniche o delle apparecchiature informatiche e telefoniche, in particolare a causa della congestione della rete che impedisce l'accesso al server.<\/p>\n<ol start=\"5\">\n<li><strong> Propriet\u00e0 intellettuale e contraffazione.<\/strong><br \/>\nhttps:\/\/unjardindanslafalaise.com\/ \u00e8 il titolare dei diritti di propriet\u00e0 intellettuale e detiene i diritti di utilizzo di tutti gli elementi accessibili sul sito, in particolare testi, immagini, grafici, loghi, video, icone e suoni. \u00c8 vietata la riproduzione, la rappresentazione, la modifica, la pubblicazione, l'adattamento di tutti o parte degli elementi del sito, qualunque sia il mezzo o il processo utilizzato, salvo previa autorizzazione scritta di: https:\/\/unjardindanslafalaise.com\/<\/li>\n<\/ol>\n<p>Qualsiasi utilizzo non autorizzato del sito o di uno qualsiasi degli elementi in esso contenuti sar\u00e0 considerato come una violazione e sar\u00e0 perseguito in conformit\u00e0 alle disposizioni degli articoli L.335-2 e seguenti del Codice della Propriet\u00e0 Intellettuale francese.<\/p>\n<ol start=\"6\">\n<li><strong> Limitazione di responsabilit\u00e0.<\/strong><br \/>\nIl responsabile della pubblicazione funge da editore del sito. \u00c8 responsabile della qualit\u00e0 e dell'accuratezza dei contenuti che pubblica.<\/li>\n<\/ol>\n<p>Il responsabile della pubblicazione non potr\u00e0 essere ritenuto responsabile di eventuali danni diretti o indiretti causati alle apparecchiature dell'utente durante l'accesso al sito https:\/\/unjardindanslafalaise.com\/, derivanti sia dall'utilizzo di apparecchiature non conformi alle specifiche indicate al punto 4, sia dalla comparsa di bug o incompatibilit\u00e0.<\/p>\n<p>Il responsabile della pubblicazione non pu\u00f2 essere ritenuto responsabile di eventuali danni indiretti (come la perdita di mercato o di opportunit\u00e0) derivanti dall'uso del sito https:\/\/unjardindanslafalaise.com\/. Le aree interattive (possibilit\u00e0 di porre domande nell'area contatti) sono a disposizione degli utenti. https:\/\/unjardindanslafalaise.com\/ si riserva il diritto di cancellare, senza preavviso, qualsiasi contenuto pubblicato in quest'area che contravvenga alla legislazione applicabile in Francia, in particolare alle disposizioni relative alla protezione dei dati. Se del caso, https:\/\/unjardindanslafalaise.com\/ si riserva anche il diritto di ritenere l'utente responsabile civilmente e\/o penalmente, in particolare in caso di messaggi di natura razzista, ingiuriosa, diffamatoria o pornografica, qualunque sia il mezzo utilizzato (testo, fotografie, ecc.).<\/p>\n<ol start=\"7\">\n<li><strong> Gestione dei dati personali.<\/strong><br \/>\nIl Cliente \u00e8 informato della normativa in materia di comunicazioni di marketing, della legge del 21 giugno 2014 per la fiducia nell'economia digitale, della legge sulla protezione dei dati del 06 agosto 2004 e del Regolamento generale sulla protezione dei dati (RGPD: n\u00b0 2016-679).<\/li>\n<\/ol>\n<p><strong>7.1 Responsabili della raccolta dei dati personali<\/strong><br \/>\nPer i Dati Personali raccolti nell'ambito della creazione dell'account personale dell'Utente e della navigazione sul Sito, il responsabile del trattamento dei Dati Personali \u00e8 il responsabile della protezione dei dati del sito.<\/p>\n<p>In qualit\u00e0 di responsabile del trattamento dei dati raccolti, https:\/\/unjardindanslafalaise.com\/ si impegna a rispettare le disposizioni di legge in vigore. In particolare, \u00e8 responsabilit\u00e0 del Cliente stabilire le finalit\u00e0 del proprio trattamento dei dati, fornire ai propri potenziali clienti e clienti, sin dal momento della raccolta del loro consenso, informazioni complete sul trattamento dei loro dati personali e mantenere un registro dei trattamenti conforme alla realt\u00e0. Ogni volta che https:\/\/unjardindanslafalaise.com\/ elabora Dati Personali, https:\/\/unjardindanslafalaise.com adotta tutte le misure ragionevoli per garantire che i Dati Personali siano accurati e pertinenti alle finalit\u00e0 per cui https:\/\/unjardindanslafalaise.com\/ li elabora.<\/p>\n<p><strong>7.2 Finalit\u00e0 dei dati raccolti<\/strong><\/p>\n<p>https:\/\/unjardindanslafalaise.com\/ pu\u00f2 trattare alcuni o tutti i seguenti dati:<\/p>\n<p>per consentire la navigazione sul Sito e la gestione e tracciabilit\u00e0 dei servizi ordinati dall'utente: dati di connessione e utilizzo del Sito, fatturazione, storico degli ordini, ecc.<\/p>\n<p>per prevenire e combattere le frodi informatiche (spamming, hacking, ecc.): apparecchiature informatiche utilizzate per la navigazione, indirizzo IP, password (con hashtag), ecc.<\/p>\n<p>per migliorare la navigazione sul Sito: dati di connessione e di utilizzo<\/p>\n<p>per condurre indagini facoltative sul grado di soddisfazione del sito https:\/\/unjardindanslafalaise.com\/: indirizzo e-mail<br \/>\nper realizzare campagne di comunicazione (sms, email): numero di telefono, indirizzo email<br \/>\nhttps:\/\/unjardindanslafalaise.com\/ non vende i vostri dati personali, che vengono quindi utilizzati solo in caso di necessit\u00e0 o per scopi statistici e di analisi.<\/p>\n<p><strong>7.3 Diritto di accesso, rettifica e opposizione<\/strong><\/p>\n<p>In conformit\u00e0 alla normativa europea vigente, gli Utenti di https:\/\/unjardindanslafalaise.com\/ hanno i seguenti diritti:<\/p>\n<ul>\n<li>diritto di accesso (articolo 15 RGPD) e rettifica (articolo 16 RGPD), aggiornamento e completezza dei dati degli Utenti diritto di blocco o cancellazione dei dati personali degli Utenti (articolo 17 RGPD), qualora siano inesatti, incompleti, equivoci, non aggiornati, o la cui raccolta, utilizzo, comunicazione o conservazione sia vietata.<\/li>\n<li>il diritto di revocare il consenso in qualsiasi momento (articolo 13-2c RGPD).<\/li>\n<li>il diritto di limitare il trattamento dei dati degli Utenti (articolo 18 RGPD).<\/li>\n<li>il diritto di opporsi al trattamento dei dati degli Utenti (articolo 21 RGPD).<\/li>\n<li>il diritto alla portabilit\u00e0 dei dati forniti dagli Utenti, qualora tali dati siano oggetto di un trattamento automatizzato basato sul loro consenso o su un contratto (articolo 20 RGPD).<\/li>\n<li>il diritto di definire il destino dei dati degli Utenti dopo la loro morte e di scegliere a chi https:\/\/unjardindanslafalaise.com\/ debba comunicare (o meno) i loro dati a una terza parte da loro designata.<\/li>\n<\/ul>\n<p>Non appena https:\/\/unjardindanslafalaise.com\/ viene a conoscenza del decesso di un Utente e in assenza di istruzioni da parte dell'Utente, https:\/\/unjardindanslafalaise.com\/ si impegna a distruggere i dati dell'Utente, a meno che non sia necessario conservarli per scopi probatori o per adempiere a un obbligo legale.<\/p>\n<p>Se l'Utente desidera conoscere l'utilizzo dei propri Dati Personali da parte di https:\/\/unjardindanslafalaise.com\/, chiederne la rettifica o opporsi al loro trattamento, pu\u00f2 contattare per iscritto https:\/\/unjardindanslafalaise.com\/ al seguente indirizzo<\/p>\n<p>Un giardino nella scogliera<br \/>\n146 rue du bout du lieu<br \/>\n46330 Cabrerets<\/p>\n<p>In questo caso, l'Utente deve indicare i Dati personali che desidera che https:\/\/unjardindanslafalaise.com\/ corregga, aggiorni o cancelli, identificandosi con precisione con una copia di un documento d'identit\u00e0 (carta d'identit\u00e0 o passaporto).<\/p>\n<p>Le richieste di cancellazione dei Dati Personali saranno soggette agli obblighi imposti a https:\/\/unjardindanslafalaise.com\/ dalla legge, in particolare per quanto riguarda la conservazione o l'archiviazione dei documenti. Infine, gli Utenti di https:\/\/unjardindanslafalaise.com possono presentare un reclamo alle autorit\u00e0 di controllo, in particolare alla CNIL (https:\/\/www.cnil.fr\/fr\/plaintes).<\/p>\n<p><strong>7.4 Non divulgazione dei dati personali<\/strong><br \/>\nhttps:\/\/unjardindanslafalaise.com\/ si impegna a non trattare, ospitare o trasferire le Informazioni raccolte dai propri Clienti in un paese situato al di fuori dell'Unione Europea o riconosciuto come \"non adeguato\" dalla Commissione Europea senza informare preventivamente il Cliente. Tuttavia, https:\/\/unjardindanslafalaise.com\/ rimane libera di scegliere i propri subappaltatori tecnici e commerciali a condizione che offrano sufficienti garanzie in merito ai requisiti del Regolamento generale sulla protezione dei dati (GDPR: n. 2016-679).<\/p>\n<p>https:\/\/unjardindanslafalaise.com\/ si impegna a prendere tutte le precauzioni necessarie per preservare la sicurezza delle Informazioni e, in particolare, per garantire che non vengano comunicate a persone non autorizzate. Tuttavia, se un incidente che pregiudica l'integrit\u00e0 o la riservatezza delle Informazioni del Cliente viene portato a conoscenza di https:\/\/unjardindanslafalaise.com\/, quest'ultimo deve informare il Cliente il prima possibile e comunicargli le misure correttive adottate. Inoltre, https:\/\/unjardindanslafalaise.com\/ non raccoglie alcun \"dato sensibile\".<\/p>\n<p>I Dati personali dell'Utente possono essere trattati dalle filiali e dai subappaltatori di https:\/\/unjardindanslafalaise.com\/ (fornitori di servizi), esclusivamente per raggiungere gli scopi di questa politica.<\/p>\n<p>Nei limiti delle rispettive responsabilit\u00e0 e per le finalit\u00e0 di cui sopra, le principali persone che possono avere accesso ai dati degli Utenti su https:\/\/unjardindanslafalaise.com sono i nostri agenti del servizio clienti.<\/p>\n<ol start=\"8\">\n<li><strong> Notifica dell'incidente<\/strong><br \/>\nNonostante i nostri sforzi, nessun metodo di trasmissione su Internet e nessun metodo di archiviazione elettronica \u00e8 completamente sicuro. Di conseguenza, non possiamo garantire una sicurezza assoluta. Se veniamo a conoscenza di una violazione della sicurezza, informeremo gli utenti interessati in modo che possano prendere le misure appropriate. Le nostre procedure di notifica degli incidenti tengono conto dei nostri obblighi legali, sia a livello nazionale che europeo. Ci impegniamo a tenere i nostri clienti pienamente informati su tutte le questioni relative alla sicurezza del loro conto e a fornire loro tutte le informazioni necessarie per aiutarli ad adempiere ai loro obblighi di notifica.<\/li>\n<\/ol>\n<p>Nessuna informazione personale dell'utente del sito https:\/\/unjardindanslafalaise.com viene pubblicata all'insaputa dell'utente, scambiata, trasferita, ceduta o venduta su qualsiasi supporto a terzi. Solo l'ipotesi di riacquisto di https:\/\/unjardindanslafalaise.com e dei suoi diritti consentirebbe la trasmissione delle suddette informazioni all'eventuale acquirente che sarebbe a sua volta tenuto allo stesso obbligo di conservazione e modifica dei dati nei confronti dell'utente del sito https:\/\/unjardindanslafalaise.com.<\/p>\n<p><strong>Sicurezza<\/strong><br \/>\nPer garantire la sicurezza e la riservatezza dei Dati personali e dei Dati sanitari personali, https:\/\/unjardindanslafalaise.com utilizza reti protette da dispositivi standard quali firewall, pseudonimizzazione, crittografia e password.<\/p>\n<p>Quando tratta i Dati personali, https:\/\/unjardindanslafalaise.comprend adotta tutte le misure ragionevoli per proteggerli da perdita, uso improprio, accesso non autorizzato, divulgazione, alterazione o distruzione.<\/p>\n<ol start=\"9\">\n<li><strong> Link ipertestuali, cookie e tag internet<\/strong><br \/>\nIl sito https:\/\/unjardindanslafalaise.com contiene una serie di collegamenti ipertestuali ad altri siti, creati con l'autorizzazione di https:\/\/unjardindanslafalaise.com. Tuttavia, https:\/\/unjardindanslafalaise.com non \u00e8 in grado di controllare il contenuto dei siti visitati in questo modo e, di conseguenza, non si assume alcuna responsabilit\u00e0 al riguardo.<\/li>\n<\/ol>\n<p>A meno che non decidiate di disattivare i cookie, accettate che il sito possa utilizzarli. L'utente pu\u00f2 disattivare questi cookie in qualsiasi momento, gratuitamente, utilizzando le opzioni di disattivazione offerte all'utente e descritte di seguito, tenendo presente che ci\u00f2 potrebbe ridurre o impedire l'accesso a tutti o a parte dei Servizi offerti dal sito.<\/p>\n<p><strong>9.1. COOKIES<\/strong><\/p>\n<p>Un \"cookie\" \u00e8 un piccolo file di informazioni inviato al browser dell'Utente e memorizzato sul suo terminale (ad es. computer, smartphone) (di seguito denominato \"cookie\"). Questo file include informazioni quali il nome del dominio dell'Utente, il provider di servizi Internet dell'Utente, il sistema operativo dell'Utente e la data e l'ora di accesso. I cookie non possono in alcun modo danneggiare il terminale dell'Utente.<\/p>\n<p>\u00c8 probabile che https:\/\/unjardindanslafalaise.com elabori informazioni sulla visita dell'Utente al Sito, come le pagine consultate e le ricerche effettuate. Queste informazioni consentono a https:\/\/unjardindanslafalaise.com di migliorare il contenuto del Sito e l'esperienza di navigazione dell'Utente.<\/p>\n<p>Poich\u00e9 i Cookie facilitano la navigazione e\/o la fornitura dei servizi offerti dal Sito, gli Utenti possono configurare il proprio browser in modo da poter decidere se accettarli o meno, in modo che i Cookie vengano memorizzati sul terminale o, al contrario, vengano rifiutati, sistematicamente o a seconda del mittente. Gli Utenti possono anche configurare il loro software di navigazione in modo che venga loro offerta l'opzione di accettare o rifiutare i Cookie di volta in volta, prima che un Cookie possa essere memorizzato sul loro terminale. https:\/\/unjardindanslafalaise.com informa gli Utenti che, in questo caso, le funzioni del loro software di navigazione potrebbero non essere tutte disponibili.<\/p>\n<p>Se l'Utente rifiuta di salvare i Cookie sul proprio terminale o browser, o se cancella quelli salvati, l'Utente \u00e8 informato che la sua navigazione e la sua esperienza sul Sito potrebbero essere limitate. Ci\u00f2 pu\u00f2 accadere anche quando https:\/\/unjardindanslafalaise.com o uno dei suoi fornitori di servizi non \u00e8 in grado di riconoscere, per motivi di compatibilit\u00e0 tecnica, il tipo di browser utilizzato dal terminale, la lingua e le impostazioni di visualizzazione o il paese da cui il terminale sembra essere collegato a Internet.<\/p>\n<p>Ove applicabile, https:\/\/unjardindanslafalaise.com declina ogni responsabilit\u00e0 per le conseguenze legate al funzionamento degradato del Sito e di qualsiasi servizio offerto da https:\/\/unjardindanslafalaise.com, derivanti da (i) il rifiuto dei Cookie da parte dell'Utente (ii) l'impossibilit\u00e0 per https:\/\/unjardindanslafalaise.com di registrare o consultare i Cookie necessari al loro funzionamento a causa della scelta dell'Utente. Per la gestione dei Cookie e le scelte dell'Utente, la configurazione di ciascun browser \u00e8 diversa. \u00c8 descritta nel menu di aiuto del browser, che indicher\u00e0 come l'Utente pu\u00f2 modificare i propri desideri in materia di cookie.<\/p>\n<p>Gli utenti possono scegliere di esprimere e modificare in qualsiasi momento i propri desideri in merito ai cookie. https:\/\/unjardindanslafalaise.com pu\u00f2 anche utilizzare i servizi di fornitori di servizi esterni per aiutarla a raccogliere ed elaborare le informazioni descritte in questa sezione.<\/p>\n<p>Infine, cliccando sulle icone dedicate ai social network Twitter, Facebook, Linkedin e Google Plus che compaiono sul Sito web https:\/\/unjardindanslafalaise.com o nella sua applicazione mobile e se l'Utente ha accettato il deposito di cookie continuando a navigare sul Sito web https:\/\/unjardindanslafalaise.com o sull'applicazione mobile, anche Twitter, Facebook, Linkedin e Google Plus potranno depositare cookie sui terminali dell'Utente (computer, tablet, telefono cellulare).<\/p>\n<p>Questi tipi di cookie vengono depositati sui terminali dell'Utente solo se questi d\u00e0 il suo consenso continuando a navigare sul sito web o sull'applicazione mobile di https:\/\/unjardindanslafalaise.com. Tuttavia, gli Utenti possono revocare in qualsiasi momento il consenso al deposito di questo tipo di cookie da parte di https:\/\/unjardindanslafalaise.com.<\/p>\n<p><strong>Articolo 9.2. TAGS INTERNET<\/strong><\/p>\n<p>https:\/\/unjardindanslafalaise.com pu\u00f2 occasionalmente impiegare web beacon (noti anche come \"tag\", action tag, single-pixel GIF, clear GIF, invisible GIF e one-to-one GIF) e distribuirli attraverso un partner di analisi web che pu\u00f2 essere situato (e quindi memorizzare le relative informazioni, compreso l'indirizzo IP dell'Utente) in un paese straniero.<\/p>\n<p>Questi tag sono inseriti sia negli annunci pubblicitari online che consentono agli utenti di Internet di accedere al Sito, sia nelle varie pagine del Sito.<\/p>\n<p>Questa tecnologia consente a https:\/\/unjardindanslafalaise.com di valutare le risposte dei visitatori al Sito e l'efficacia delle sue azioni (ad esempio, il numero di volte che una pagina viene aperta e le informazioni consultate), nonch\u00e9 l'utilizzo del Sito da parte dell'Utente.<\/p>\n<p>Il fornitore esterno di servizi pu\u00f2 raccogliere informazioni sui visitatori del Sito e di altri siti web utilizzando questi tag, compilare rapporti sull'attivit\u00e0 del Sito per https:\/\/unjardindanslafalaise.com e fornire altri servizi relativi all'uso del Sito e di Internet.<\/p>\n<ol start=\"10\">\n<li><strong> Legge applicabile e giurisdizione.<\/strong><br \/>\nQualsiasi controversia relativa all'utilizzo del sito web https:\/\/unjardindanslafalaise.com \u00e8 soggetta alla legge francese. Salvo i casi in cui la legge non lo consenta, la giurisdizione esclusiva \u00e8 attribuita ai tribunali competenti di Cahors.<\/li>\n<\/ol>","protected":false},"excerpt":{"rendered":"<p>D\u00e9finitions Client : tout professionnel ou personne physique capable au sens des articles 1123 et suivants du Code civil, ou personne morale, qui visite le Site objet des pr\u00e9sentes conditions g\u00e9n\u00e9rales. Prestations et Services : https:\/\/unjardindanslafalaise.com\/ met \u00e0 disposition des Clients : Contenu : Ensemble des \u00e9l\u00e9ments constituants l\u2019information pr\u00e9sente sur le Site, notamment textes [&hellip;]<\/p>\n","protected":false},"author":1,"featured_media":0,"parent":0,"menu_order":0,"comment_status":"closed","ping_status":"closed","template":"","meta":{"footnotes":""},"class_list":["post-1005","page","type-page","status-publish","hentry"],"aioseo_notices":[],"_links":{"self":[{"href":"https:\/\/unjardindanslafalaise.com\/it\/wp-json\/wp\/v2\/pages\/1005","targetHints":{"allow":["GET"]}}],"collection":[{"href":"https:\/\/unjardindanslafalaise.com\/it\/wp-json\/wp\/v2\/pages"}],"about":[{"href":"https:\/\/unjardindanslafalaise.com\/it\/wp-json\/wp\/v2\/types\/page"}],"author":[{"embeddable":true,"href":"https:\/\/unjardindanslafalaise.com\/it\/wp-json\/wp\/v2\/users\/1"}],"replies":[{"embeddable":true,"href":"https:\/\/unjardindanslafalaise.com\/it\/wp-json\/wp\/v2\/comments?post=1005"}],"version-history":[{"count":1,"href":"https:\/\/unjardindanslafalaise.com\/it\/wp-json\/wp\/v2\/pages\/1005\/revisions"}],"predecessor-version":[{"id":2197,"href":"https:\/\/unjardindanslafalaise.com\/it\/wp-json\/wp\/v2\/pages\/1005\/revisions\/2197"}],"wp:attachment":[{"href":"https:\/\/unjardindanslafalaise.com\/it\/wp-json\/wp\/v2\/media?parent=1005"}],"curies":[{"name":"wp","href":"https:\/\/api.w.org\/{rel}","templated":true}]}}