{"id":456,"date":"2018-04-19T14:12:12","date_gmt":"2018-04-19T14:12:12","guid":{"rendered":"http:\/\/demo.zantetheme.com\/?page_id=456"},"modified":"2024-03-30T02:05:16","modified_gmt":"2024-03-30T01:05:16","slug":"contact","status":"publish","type":"page","link":"https:\/\/unjardindanslafalaise.com\/es\/contact\/","title":{"rendered":"Contacto y acceso"},"content":{"rendered":"<div class=\"wpb-content-wrapper\"><div class=\"vc_row wpb_row vc_row-fluid\"><div class=\"wpb_column vc_column_container vc_col-sm-12\"><div class=\"vc_column-inner\"><div class=\"wpb_wrapper\"><div class=\"vc_empty_space\"   style=\"height: 100px\"><span class=\"vc_empty_space_inner\"><\/span><\/div><\/div><\/div><\/div><\/div><div class=\"vc_row wpb_row vc_row-fluid\"><div class=\"wpb_column vc_column_container vc_col-sm-8\"><div class=\"vc_column-inner\"><div class=\"wpb_wrapper\">\t\t\t<div\r\n\t\t\t\tclass=\"main_title  text-left\">\r\n\t\t\t\t<h2 class=\"title\">\u00bfUNA PREGUNTA?<\/h2>\r\n\t\t\t\t\t\t\t<\/div>\r\n\t\t\n\t<div class=\"wpb_text_column wpb_content_element\" >\n\t\t<div class=\"wpb_wrapper\">\n\t\t\t<blockquote>\n<p><img loading=\"lazy\" decoding=\"async\" class=\"alignleft wp-image-2412 size-thumbnail\" src=\"https:\/\/unjardindanslafalaise.com\/wp-content\/uploads\/2021\/06\/question-gite-cabrerets-2-150x150.png\" alt=\"\" width=\"150\" height=\"150\" srcset=\"https:\/\/unjardindanslafalaise.com\/wp-content\/uploads\/2021\/06\/question-gite-cabrerets-2-150x150.png 150w, https:\/\/unjardindanslafalaise.com\/wp-content\/uploads\/2021\/06\/question-gite-cabrerets-2-300x300.png 300w, https:\/\/unjardindanslafalaise.com\/wp-content\/uploads\/2021\/06\/question-gite-cabrerets-2-80x80.png 80w, https:\/\/unjardindanslafalaise.com\/wp-content\/uploads\/2021\/06\/question-gite-cabrerets-2.png 500w\" sizes=\"auto, (max-width: 150px) 100vw, 150px\" \/>Ll\u00e1manos al <a href=\"tel:+33784119115\">07 84 11 91 15<\/a> o env\u00edenos un mensaje a continuaci\u00f3n o por sms o <a href=\"https:\/\/wa.me\/33784119115\">whatsapp<\/a> y nos pondremos en contacto con usted lo antes posible.<\/p>\n<p>Marie-Claire y Damien<\/p>\n<p>&nbsp;<\/p>\n<\/blockquote>\n\n\t\t<\/div>\n\t<\/div>\n\n<div class=\"wpcf7 no-js\" id=\"wpcf7-f1079-o1\" lang=\"en-US\" dir=\"ltr\" data-wpcf7-id=\"1079\">\n<div class=\"screen-reader-response\"><p role=\"status\" aria-live=\"polite\" aria-atomic=\"true\"><\/p> <ul><\/ul><\/div>\n<form action=\"\/es\/wp-json\/wp\/v2\/pages\/456#wpcf7-f1079-o1\" method=\"post\" class=\"wpcf7-form init\" aria-label=\"Formulario de contacto\" novalidate=\"novalidate\" data-status=\"init\" data-trp-original-action=\"\/es\/wp-json\/wp\/v2\/pages\/456#wpcf7-f1079-o1\">\n<fieldset class=\"hidden-fields-container\"><input type=\"hidden\" name=\"_wpcf7\" value=\"1079\" \/><input type=\"hidden\" name=\"_wpcf7_version\" value=\"6.1.5\" \/><input type=\"hidden\" name=\"_wpcf7_locale\" value=\"en_US\" \/><input type=\"hidden\" name=\"_wpcf7_unit_tag\" value=\"wpcf7-f1079-o1\" \/><input type=\"hidden\" name=\"_wpcf7_container_post\" value=\"0\" \/><input type=\"hidden\" name=\"_wpcf7_posted_data_hash\" value=\"\" \/>\n<\/fieldset>\n<div class=\"contact-page-form\">\n\t<div class=\"row\">\n\t\t<div class=\"form-group col-md-6\">\n\t\t\t<p><span class=\"wpcf7-form-control-wrap\" data-name=\"your-name\"><input size=\"40\" maxlength=\"400\" class=\"wpcf7-form-control wpcf7-text wpcf7-validates-as-required form-control\" aria-required=\"true\" aria-invalid=\"false\" placeholder=\"Su nombre\" value=\"\" type=\"text\" name=\"your-name\" \/><\/span>\n\t\t\t<\/p>\n\t\t<\/div>\n\t\t<div class=\"form-group col-md-6\">\n\t\t\t<p><span class=\"wpcf7-form-control-wrap\" data-name=\"your-phone\"><input size=\"40\" maxlength=\"400\" class=\"wpcf7-form-control wpcf7-text form-control\" aria-invalid=\"false\" placeholder=\"Su n\u00famero de tel\u00e9fono\" value=\"\" type=\"text\" name=\"your-phone\" \/><\/span>\n\t\t\t<\/p>\n\t\t<\/div>\n\t\t<div class=\"form-group col-md-6\">\n\t\t\t<p><span class=\"wpcf7-form-control-wrap\" data-name=\"your-email\"><input size=\"40\" maxlength=\"400\" class=\"wpcf7-form-control wpcf7-email wpcf7-validates-as-required wpcf7-text wpcf7-validates-as-email form-control\" aria-required=\"true\" aria-invalid=\"false\" placeholder=\"Su em@il\" value=\"\" type=\"email\" name=\"your-email\" \/><\/span>\n\t\t\t<\/p>\n\t\t<\/div>\n\t\t<div class=\"form-group col-md-6\">\n\t\t\t<p><span class=\"wpcf7-form-control-wrap\" data-name=\"your-subject\"><input size=\"40\" maxlength=\"400\" class=\"wpcf7-form-control wpcf7-text form-control\" aria-invalid=\"false\" placeholder=\"Objeto\" value=\"\" type=\"text\" name=\"your-subject\" \/><\/span>\n\t\t\t<\/p>\n\t\t<\/div>\n\t<\/div>\n\t<div class=\"form-group\">\n\t\t<p><span class=\"wpcf7-form-control-wrap\" data-name=\"your-message\"><textarea cols=\"40\" rows=\"10\" maxlength=\"2000\" class=\"wpcf7-form-control wpcf7-textarea wpcf7-validates-as-required form-control\" aria-required=\"true\" aria-invalid=\"false\" placeholder=\"Su mensaje\" name=\"your-message\"><\/textarea><\/span>\n\t\t<\/p>\n\t<\/div>\n<div class=\"wpcf7-response-output\" aria-hidden=\"true\"><\/div>\n\t<p><input class=\"wpcf7-form-control wpcf7-submit has-spinner button btn-lg mt10\" type=\"submit\" value=\"Enviar\" \/>\n\t<\/p>\n<\/div>\n<input type=\"hidden\" name=\"trp-form-language\" value=\"es\"\/><\/form>\n<\/div>\n<\/div><\/div><\/div><div class=\"wpb_column vc_column_container vc_col-sm-4\"><div class=\"vc_column-inner\"><div class=\"wpb_wrapper\"><div class=\"vc_row wpb_row vc_inner vc_row-fluid\"><div class=\"wpb_column vc_column_container vc_col-sm-12 vc_hidden-lg vc_hidden-md\"><div class=\"vc_column-inner\"><div class=\"wpb_wrapper\"><div class=\"vc_empty_space\"   style=\"height: 50px\"><span class=\"vc_empty_space_inner\"><\/span><\/div><\/div><\/div><\/div><\/div>\t\t\t<div\r\n\t\t\t\tclass=\"main_title  text-left\">\r\n\t\t\t\t<h2 class=\"title\">CONTACTO<\/h2>\r\n\t\t\t\t\t\t\t<\/div>\r\n\t\t\n\t<div class=\"wpb_text_column wpb_content_element contact-info\" >\n\t\t<div class=\"wpb_wrapper\">\n\t\t\t<p>146 rue du Bout du Lieu, 46330 Cabrerets<\/p>\n<p>&nbsp;<\/p>\n<p><a href=\"tel:+33784119115\">+33 (0)7 84 11 91 15<\/a><\/p>\n<p><a href=\"https:\/\/wa.me\/33784119115\">Por Whatsapp messenger<\/a><\/p>\n\n\t\t<\/div>\n\t<\/div>\n    <div class=\"social_media\">\r\n              <a class=\"facebook\" href=\"https:\/\/www.facebook.com\/Unjardindanslafalaise\"><i class=\"fa fa-facebook\"><\/i><\/a>\r\n                                            <a class=\"instagram\" href=\"https:\/\/www.instagram.com\/gite_lot_unjardindanslafalaise\/\"><i class=\"fa fa-instagram\"><\/i><\/a>\r\n          <\/div>\r\n\r\n\t\t<\/div><\/div><\/div><\/div><div class=\"vc_row wpb_row vc_row-fluid\"><div class=\"wpb_column vc_column_container vc_col-sm-12\"><div class=\"vc_column-inner\"><div class=\"wpb_wrapper\"><div class=\"vc_empty_space\"   style=\"height: 100px\"><span class=\"vc_empty_space_inner\"><\/span><\/div><\/div><\/div><\/div><\/div><div class=\"vc_row wpb_row vc_row-fluid\"><div class=\"wpb_column vc_column_container vc_col-sm-12\"><div class=\"vc_column-inner\"><div class=\"wpb_wrapper\">\t\t\t<div\r\n\t\t\t\tclass=\"main_title  text-left\">\r\n\t\t\t\t<h2 class=\"title\">INSTRUCCIONES DE LLEGADA PARA GITES UN JARDIN DANS LA FALAISE<\/h2>\r\n\t\t\t\t\t\t\t<\/div>\r\n\t\t<section class=\"vc_cta3-container\"><div class=\"vc_general vc_do_cta3 vc_cta3 vc_cta3-style-classic vc_cta3-shape-rounded vc_cta3-align-left vc_cta3-color-classic vc_cta3-icon-size-md\"><div class=\"vc_cta3_content-container\"><div class=\"vc_cta3-content\"><header class=\"vc_cta3-content-header\"><\/header><ul>\n<li><i><strong>INSTRUCCIONES DE LLEGADA<\/strong><\/i>\n<ul>\n<li>Lo primero y m\u00e1s importante, <strong>Si es posible, inf\u00f3rmenos la v\u00edspera a trav\u00e9s de <\/strong><a href=\"http:\/\/tel:+33784119115\"><strong>sms<\/strong><\/a><strong> o <\/strong><a href=\"mailto:info@unjardindanslafalaise.com\"><strong>buz\u00f3n<\/strong><\/a><strong> su hora aproximada de llegada<\/strong>Para que estemos preparados para recibirle y guiarle si es necesario.<\/li>\n<\/ul>\n<p>&nbsp;<\/p>\n<ul>\n<li>Coordenadas GPS de Google Maps\u00a0<a href=\"https:\/\/g.page\/gite-un-jardin-dans-la-falaise?share\">https:\/\/g.page\/gite-un-jardin-dans-la-falaise?share<\/a><br \/>\nEncontrar\u00e1 el <strong>inicio de la calle du Bout du Lieu frente al camping municipal de Cabrerets \"le Cantal\" (salida de Cabrerets en direcci\u00f3n a Sauliac-sur-C\u00e9l\u00e9).<\/strong>\u00a0La ruelle du Bout du Lieu sube en curva desde la carretera principal.<\/li>\n<\/ul>\n<p>&nbsp;<\/p>\n<ul>\n<li>APARCAMIENTO: Nuestras preciosas vistas hay que gan\u00e1rselas, y por desgracia no se puede aparcar en el callej\u00f3n.<br \/>\nExisten\u00a0<strong>Al principio del carril, hay varias plazas de aparcamiento junto a un muro bajo.<\/strong> <strong>Puedes aparcar all\u00ed o subir a dejar tus pertenencias y volver a aparcar all\u00ed m\u00e1s tarde.<\/strong><br \/>\nLe rogamos que no utilice las plazas de aparcamiento privadas de los residentes, que est\u00e1n se\u00f1alizadas como tales.<\/li>\n<\/ul>\n<p>&nbsp;<\/p>\n<ul>\n<li><strong>Siga recto por la ruelle du Bout du Lieu y, tras la subida, deje el \"Chemin du Carol\" a su derecha, \u00a1no lo suba! Det\u00e9ngase en la siguiente casa a la derecha, la n\u00famero 146.<\/strong>con una peque\u00f1a puerta negra sobre escalones (n\u00famero en la parte delantera de la casa de campo).<\/li>\n<\/ul>\n<p>&nbsp;<\/p>\n<ul>\n<li><strong>Toque el timbre o ll\u00e1menos al <\/strong><a href=\"http:\/\/tel:+33784119115\"><strong>07 84 11 91 15<\/strong><\/a><strong>\u00a1o tocar el claxon!\u00a0<\/strong>Vivimos en la casa justo arriba a la derecha (con balc\u00f3n)<\/li>\n<\/ul>\n<\/li>\n<\/ul>\n<figure id=\"attachment_2680\" aria-describedby=\"caption-attachment-2680\" style=\"width: 1902px\" class=\"wp-caption aligncenter\"><img loading=\"lazy\" decoding=\"async\" class=\"img-responsive wp-image-2680 size-full\" src=\"https:\/\/unjardindanslafalaise.com\/wp-content\/uploads\/2021\/07\/le-bout-du-lieu-01.jpg\" alt=\"G\u00eete location vacances \u00e0 Cabrerets - Un Jardin dans la Falaise\" width=\"1902\" height=\"1268\" srcset=\"https:\/\/unjardindanslafalaise.com\/wp-content\/uploads\/2021\/07\/le-bout-du-lieu-01.jpg 1902w, https:\/\/unjardindanslafalaise.com\/wp-content\/uploads\/2021\/07\/le-bout-du-lieu-01-300x200.jpg 300w, https:\/\/unjardindanslafalaise.com\/wp-content\/uploads\/2021\/07\/le-bout-du-lieu-01-1024x683.jpg 1024w, https:\/\/unjardindanslafalaise.com\/wp-content\/uploads\/2021\/07\/le-bout-du-lieu-01-768x512.jpg 768w, https:\/\/unjardindanslafalaise.com\/wp-content\/uploads\/2021\/07\/le-bout-du-lieu-01-80x53.jpg 80w, https:\/\/unjardindanslafalaise.com\/wp-content\/uploads\/2021\/07\/le-bout-du-lieu-01-1536x1024.jpg 1536w\" sizes=\"auto, (max-width: 1902px) 100vw, 1902px\" \/><figcaption id=\"caption-attachment-2680\" class=\"wp-caption-text\">Alquiler de casa rural en Cabrerets - Un Jardin dans la Falaise<\/figcaption><\/figure>\n<\/div><\/div><\/div><\/section><\/div><\/div><\/div><\/div><div class=\"vc_row wpb_row vc_row-fluid\"><div class=\"wpb_column vc_column_container vc_col-sm-12\"><div class=\"vc_column-inner\"><div class=\"wpb_wrapper\"><div class=\"vc_empty_space\"   style=\"height: 100px\"><span class=\"vc_empty_space_inner\"><\/span><\/div><\/div><\/div><\/div><\/div><div data-vc-full-width=\"true\" data-vc-full-width-temp=\"true\" data-vc-full-width-init=\"false\" data-vc-stretch-content=\"true\" class=\"vc_row wpb_row vc_row-fluid vc_custom_1531697180247 vc_row-no-padding\"><div class=\"wpb_column vc_column_container vc_col-sm-12\"><div class=\"vc_column-inner\"><div class=\"wpb_wrapper\">\n\t<div class=\"wpb_raw_code wpb_raw_html wpb_content_element\" >\n\t\t<div class=\"wpb_wrapper\">\n\t\t\t<iframe src=\"https:\/\/www.google.com\/maps\/embed?pb=!1m18!1m12!1m3!1d2845.310428820252!2d1.6581620763695286!3d44.50879457107429!2m3!1f0!2f0!3f0!3m2!1i1024!2i768!4f13.1!3m3!1m2!1s0x12acf0666a4a3727%3A0x45c2d2c006dd8a4e!2sG%C3%AEtes%20Un%20Jardin%20dans%20la%20Falaise%20-%20Cabrerets%20(proche%20Saint%20Cirq%20Lapopie)!5e0!3m2!1sen!2sth!4v1711760676093!5m2!1sen!2sth\" width=\"100%\" height=\"450\" style=\"border:0;\" allowfullscreen=\"\" loading=\"lazy\" referrerpolicy=\"no-referrer-when-downgrade\"><\/iframe>\n\t\t<\/div>\n\t<\/div>\n<\/div><\/div><\/div><\/div><div class=\"vc_row-full-width vc_clearfix\"><\/div>\n<\/div>","protected":false},"excerpt":{"rendered":"UNE QUESTION ? Appelez nous au 07 84 11 91 15 ou envoyez-nous un message ci-dessous ou par sms ou whatsapp et nous reviendrons vers vous tr\u00e8s rapidement. Marie-Claire et Damien &nbsp; CONTACTEZ-NOUS 146 rue du Bout du Lieu, 46330 Cabrerets &nbsp; +33 (0)7 84 11 91 15 Par messagerie Whatsapp INSTRUCTIONS D&#039;ARRIVEE AUX GITES [...]","protected":false},"author":1,"featured_media":0,"parent":0,"menu_order":0,"comment_status":"closed","ping_status":"closed","template":"","meta":{"footnotes":""},"class_list":["post-456","page","type-page","status-publish","hentry"],"aioseo_notices":[],"_links":{"self":[{"href":"https:\/\/unjardindanslafalaise.com\/es\/wp-json\/wp\/v2\/pages\/456","targetHints":{"allow":["GET"]}}],"collection":[{"href":"https:\/\/unjardindanslafalaise.com\/es\/wp-json\/wp\/v2\/pages"}],"about":[{"href":"https:\/\/unjardindanslafalaise.com\/es\/wp-json\/wp\/v2\/types\/page"}],"author":[{"embeddable":true,"href":"https:\/\/unjardindanslafalaise.com\/es\/wp-json\/wp\/v2\/users\/1"}],"replies":[{"embeddable":true,"href":"https:\/\/unjardindanslafalaise.com\/es\/wp-json\/wp\/v2\/comments?post=456"}],"version-history":[{"count":34,"href":"https:\/\/unjardindanslafalaise.com\/es\/wp-json\/wp\/v2\/pages\/456\/revisions"}],"predecessor-version":[{"id":2904,"href":"https:\/\/unjardindanslafalaise.com\/es\/wp-json\/wp\/v2\/pages\/456\/revisions\/2904"}],"wp:attachment":[{"href":"https:\/\/unjardindanslafalaise.com\/es\/wp-json\/wp\/v2\/media?parent=456"}],"curies":[{"name":"wp","href":"https:\/\/api.w.org\/{rel}","templated":true}]}}