{"id":1005,"date":"2018-05-17T21:51:35","date_gmt":"2018-05-17T21:51:35","guid":{"rendered":"http:\/\/demo.zantetheme.com\/?page_id=1005"},"modified":"2021-06-01T00:09:56","modified_gmt":"2021-05-31T22:09:56","slug":"cookies","status":"publish","type":"page","link":"https:\/\/unjardindanslafalaise.com\/es\/cookies\/","title":{"rendered":"Cookies y privacidad"},"content":{"rendered":"<p><strong>Definiciones<\/strong><\/p>\n<p>Cliente: toda persona f\u00edsica profesional o capaz en el sentido de los art\u00edculos 1123 y siguientes del C\u00f3digo Civil franc\u00e9s, o persona jur\u00eddica, que visite el Sitio objeto de las presentes Condiciones Generales.<\/p>\n<p>Servicios: https:\/\/unjardindanslafalaise.com\/ proporciona a los clientes :<\/p>\n<p>Contenido: Todos los elementos que componen la informaci\u00f3n del Sitio, en particular textos, im\u00e1genes y v\u00eddeos.<\/p>\n<p>Informaci\u00f3n del cliente: En adelante \"Informaci\u00f3n(es)\" que corresponde a todos los datos de car\u00e1cter personal que puedan obrar en poder de https:\/\/unjardindanslafalaise.com\/ para la gesti\u00f3n de su cuenta, la gesti\u00f3n de la relaci\u00f3n con el cliente y con fines de an\u00e1lisis y estad\u00edsticos.<\/p>\n<p>Usuario: Internauta que se conecta y utiliza el sitio mencionado.<\/p>\n<p>Informaci\u00f3n personal: \"Informaci\u00f3n que permite, en cualquier forma, directa o indirectamente, la identificaci\u00f3n de las personas f\u00edsicas a las que se aplica\" (art\u00edculo 4 de la ley n\u00ba 78-17 de 6 de enero de 1978).<\/p>\n<p>Los t\u00e9rminos \"datos personales\", \"interesado\", \"subencargado del tratamiento\" y \"datos sensibles\" tienen el significado definido en el Reglamento General de Protecci\u00f3n de Datos (RGPD: n.\u00ba 2016-679).<\/p>\n<ol>\n<li><strong> Presentaci\u00f3n del sitio web.<\/strong><br \/>\nDe conformidad con el art\u00edculo 6 de la Ley francesa n\u00ba 2004-575, de 21 de junio de 2004, sobre la confianza en la econom\u00eda digital, se informa a los usuarios del sitio web https:\/\/unjardindanslafalaise.com\/ de la identidad de las distintas partes que intervienen en su creaci\u00f3n y seguimiento:<\/li>\n<\/ol>\n<p><strong>Propietario : <\/strong>Marie-Claire Mauro en 146 rue du bout du lieu, 46330 Cabrerets<br \/>\nDirectora de publicaci\u00f3n: Marie-Claire Mauro<br \/>\nWebmaster: Marie-Claire Mauro<br \/>\nOrganizado por :<br \/>\nResponsable de protecci\u00f3n de datos: Marie-Claire Mauro<\/p>\n<ol start=\"2\">\n<li><strong> Condiciones generales de uso del sitio y de los servicios ofrecidos.<\/strong><br \/>\nEl Sitio constituye una obra intelectual protegida por las disposiciones del C\u00f3digo de la Propiedad Intelectual franc\u00e9s y los Reglamentos Internacionales aplicables. El Cliente no podr\u00e1 en ning\u00fan caso reutilizar, ceder o explotar por cuenta propia la totalidad o parte de los elementos u obras del Sitio.<\/li>\n<\/ol>\n<p>El uso del sitio web https:\/\/unjardindanslafalaise.com\/ implica la plena aceptaci\u00f3n de las condiciones generales de uso que se exponen a continuaci\u00f3n. Estas condiciones de uso podr\u00e1n ser modificadas o completadas en cualquier momento, por lo que se aconseja a los usuarios del sitio web https:\/\/unjardindanslafalaise.com\/ que las consulten peri\u00f3dicamente.<\/p>\n<p>Este sitio web es normalmente accesible a los usuarios en todo momento. No obstante, https:\/\/unjardindanslafalaise.com\/ puede decidir interrumpir el sitio por motivos de mantenimiento t\u00e9cnico, en cuyo caso procurar\u00e1 informar a los usuarios con antelaci\u00f3n de las fechas y horas de la intervenci\u00f3n. El sitio https:\/\/unjardindanslafalaise.com\/ se actualiza regularmente. Del mismo modo, las menciones legales pueden modificarse en cualquier momento: no obstante, son vinculantes para el usuario, al que se invita a consultarlas con la mayor frecuencia posible para revisarlas.<\/p>\n<ol start=\"3\">\n<li><strong> Descripci\u00f3n de los servicios prestados.<\/strong><br \/>\nEl sitio web https:\/\/unjardindanslafalaise.com\/ tiene por objeto proporcionar informaci\u00f3n sobre todas las actividades de la empresa. https:\/\/unjardindanslafalaise.com\/ se esfuerza por proporcionar en el sitio web https:\/\/unjardindanslafalaise.com\/ informaci\u00f3n lo m\u00e1s exacta posible. No obstante, no podr\u00e1 ser considerada responsable de las omisiones, inexactitudes o falta de actualizaci\u00f3n de la informaci\u00f3n, ya sean imputables a la empresa o a terceros que le proporcionen dicha informaci\u00f3n.<\/li>\n<\/ol>\n<p>Toda la informaci\u00f3n facilitada en el sitio web https:\/\/unjardindanslafalaise.com\/ tiene car\u00e1cter meramente orientativo y est\u00e1 sujeta a cambios. Adem\u00e1s, la informaci\u00f3n del sitio https:\/\/unjardindanslafalaise.com\/ no es exhaustiva. Est\u00e1 sujeta a cambios desde su puesta en l\u00ednea.<\/p>\n<ol start=\"4\">\n<li><strong> Limitaciones contractuales de los datos t\u00e9cnicos.<\/strong><br \/>\nEl sitio utiliza tecnolog\u00eda JavaScript. El sitio no se hace responsable de los da\u00f1os materiales relacionados con su utilizaci\u00f3n. Adem\u00e1s, los usuarios del sitio se comprometen a acceder a \u00e9l utilizando equipos recientes, libres de virus y con un navegador actualizado y de \u00faltima generaci\u00f3n. El sitio https:\/\/unjardindanslafalaise.com\/ est\u00e1 alojado por un proveedor de servicios de la Uni\u00f3n Europea de conformidad con las disposiciones del Reglamento General de Protecci\u00f3n de Datos (RGPD: n.\u00ba 2016-679).<\/li>\n<\/ol>\n<p>El objetivo es ofrecer un servicio que garantice el m\u00e1ximo nivel de accesibilidad. El anfitri\u00f3n garantiza la continuidad del servicio las 24 horas del d\u00eda, todos los d\u00edas del a\u00f1o. No obstante, se reserva el derecho a interrumpir el servicio de alojamiento durante el menor tiempo posible, en particular para realizar tareas de mantenimiento, mejorar sus infraestructuras, en caso de fallo de las infraestructuras o si los Servicios generan un tr\u00e1fico considerado anormal.<\/p>\n<p>https:\/\/unjardindanslafalaise.com\/ y el anfitri\u00f3n no podr\u00e1n ser considerados responsables en caso de mal funcionamiento de la red Internet, de las l\u00edneas telef\u00f3nicas o de los equipos inform\u00e1ticos y de telefon\u00eda, en particular debido a una congesti\u00f3n de la red que impida el acceso al servidor.<\/p>\n<ol start=\"5\">\n<li><strong> Propiedad intelectual y falsificaci\u00f3n.<\/strong><br \/>\nhttps:\/\/unjardindanslafalaise.com\/ es titular de los derechos de propiedad intelectual y posee los derechos de uso sobre todos los elementos accesibles en el sitio web, en particular los textos, im\u00e1genes, gr\u00e1ficos, logotipos, v\u00eddeos, iconos y sonidos. Cualquier reproducci\u00f3n, representaci\u00f3n, modificaci\u00f3n, publicaci\u00f3n, adaptaci\u00f3n de la totalidad o parte de los elementos del sitio, sea cual sea el medio o procedimiento utilizado, est\u00e1 prohibida, salvo autorizaci\u00f3n previa por escrito de: https:\/\/unjardindanslafalaise.com\/<\/li>\n<\/ol>\n<p>Cualquier uso no autorizado del sitio o de cualquiera de los elementos que contiene se considerar\u00e1 constitutivo de infracci\u00f3n y ser\u00e1 perseguido de conformidad con lo dispuesto en los art\u00edculos L.335-2 y siguientes del C\u00f3digo de la Propiedad Intelectual franc\u00e9s.<\/p>\n<ol start=\"6\">\n<li><strong> Limitaci\u00f3n de responsabilidad.<\/strong><br \/>\nEl director de publicaci\u00f3n act\u00faa como editor del sitio. Es responsable de la calidad y exactitud de los Contenidos que publica.<\/li>\n<\/ol>\n<p>El gestor de la publicaci\u00f3n no se hace responsable de los da\u00f1os directos o indirectos causados al equipo del usuario al acceder al sitio web https:\/\/unjardindanslafalaise.com\/, derivados bien del uso de un equipo que no cumpla las especificaciones indicadas en el punto 4, bien de la aparici\u00f3n de un error o incompatibilidad.<\/p>\n<p>El responsable de la publicaci\u00f3n no se hace responsable de ning\u00fan da\u00f1o indirecto (como p\u00e9rdida de mercado o p\u00e9rdida de oportunidades) derivado del uso del sitio web https:\/\/unjardindanslafalaise.com\/. Los usuarios tienen a su disposici\u00f3n espacios interactivos (posibilidad de formular preguntas en el espacio de contacto). https:\/\/unjardindanslafalaise.com\/ se reserva el derecho de suprimir, sin previo aviso, cualquier contenido publicado en este espacio que contravenga la legislaci\u00f3n aplicable en Francia, en particular las disposiciones relativas a la protecci\u00f3n de datos. En su caso, https:\/\/unjardindanslafalaise.com\/ tambi\u00e9n se reserva el derecho de exigir responsabilidades civiles y\/o penales al usuario, especialmente en caso de mensajes de car\u00e1cter racista, insultante, difamatorio o pornogr\u00e1fico, sea cual sea el soporte utilizado (texto, fotograf\u00edas, etc.).<\/p>\n<ol start=\"7\">\n<li><strong> Gesti\u00f3n de datos personales.<\/strong><br \/>\nEl Cliente est\u00e1 informado de la normativa relativa a las comunicaciones de marketing, la ley de 21 de junio de 2014 para la confianza en la Econom\u00eda Digital, la Ley de Protecci\u00f3n de Datos de 06 de agosto de 2004 y el Reglamento General de Protecci\u00f3n de Datos (RGPD: n\u00b0 2016-679).<\/li>\n<\/ol>\n<p><strong>7.1 Responsables de la recogida de datos personales<\/strong><br \/>\nPara los Datos Personales recogidos en el marco de la creaci\u00f3n de la cuenta personal del Usuario y de su navegaci\u00f3n en el Sitio, el responsable del tratamiento de los Datos Personales es el encargado de la protecci\u00f3n de datos del sitio.<\/p>\n<p>Como responsable del tratamiento de los datos que recoge, https:\/\/unjardindanslafalaise.com\/ se compromete a respetar las disposiciones legales vigentes. En particular, es responsabilidad del Cliente establecer las finalidades de su tratamiento de datos, proporcionar a sus prospectos y clientes, desde el momento en que se recaba su consentimiento, informaci\u00f3n completa sobre el tratamiento de sus datos personales y mantener un registro del tratamiento que se ajuste a la realidad. Siempre que https:\/\/unjardindanslafalaise.com\/ procesa Datos Personales, https:\/\/unjardindanslafalaise.com toma todas las medidas razonables para garantizar que los Datos Personales son exactos y pertinentes para los fines para los que https:\/\/unjardindanslafalaise.com\/ los procesa.<\/p>\n<p><strong>7.2 Finalidad de los datos recogidos<\/strong><\/p>\n<p>https:\/\/unjardindanslafalaise.com\/ puede tratar algunos o todos los datos siguientes:<\/p>\n<p>permitir la navegaci\u00f3n en el Sitio y la gesti\u00f3n y trazabilidad de los servicios solicitados por el usuario: datos de conexi\u00f3n y utilizaci\u00f3n del Sitio, facturaci\u00f3n, historial de pedidos, etc.<\/p>\n<p>para prevenir y combatir el fraude inform\u00e1tico (spamming, hacking, etc.): equipo inform\u00e1tico utilizado para la navegaci\u00f3n, direcci\u00f3n IP, contrase\u00f1a (hash), etc.<\/p>\n<p>para mejorar la navegaci\u00f3n en el Sitio: datos de conexi\u00f3n y uso<\/p>\n<p>para realizar encuestas de satisfacci\u00f3n opcionales en https:\/\/unjardindanslafalaise.com\/: direcci\u00f3n de correo electr\u00f3nico<br \/>\npara realizar campa\u00f1as de comunicaci\u00f3n (sms, correo electr\u00f3nico): n\u00famero de tel\u00e9fono, direcci\u00f3n de correo electr\u00f3nico<br \/>\nhttps:\/\/unjardindanslafalaise.com\/ no vende sus datos personales, que s\u00f3lo se utilizan cuando es necesario o con fines estad\u00edsticos y de an\u00e1lisis.<\/p>\n<p><strong>7.3 Derecho de acceso, rectificaci\u00f3n y oposici\u00f3n<\/strong><\/p>\n<p>De acuerdo con la normativa europea vigente, los usuarios de https:\/\/unjardindanslafalaise.com\/ tienen los siguientes derechos:<\/p>\n<ul>\n<li>derecho de acceso (art\u00edculo 15 RGPD) y rectificaci\u00f3n (art\u00edculo 16 RGPD), actualizaci\u00f3n e integridad de los datos de los Usuarios derecho de bloqueo o supresi\u00f3n de los datos personales de los Usuarios (art\u00edculo 17 RGPD), cuando sean inexactos, incompletos, equ\u00edvocos, obsoletos, o cuya recogida, uso, comunicaci\u00f3n o almacenamiento est\u00e9 prohibido.<\/li>\n<li>el derecho a retirar el consentimiento en cualquier momento (art\u00edculo 13-2c RGPD).<\/li>\n<li>el derecho a limitar el tratamiento de los datos de los Usuarios (art\u00edculo 18 del RGPD).<\/li>\n<li>el derecho a oponerse al tratamiento de los datos de los Usuarios (art\u00edculo 21 del RGPD).<\/li>\n<li>el derecho a la portabilidad de los datos facilitados por los Usuarios, cuando dichos datos sean objeto de un tratamiento automatizado basado en su consentimiento o en un contrato (art\u00edculo 20 RGPD).<\/li>\n<li>el derecho a definir el destino de los datos de los Usuarios tras su fallecimiento y a elegir a qui\u00e9n https:\/\/unjardindanslafalaise.com\/ debe comunicar (o no) sus datos a un tercero designado por ellos.<\/li>\n<\/ul>\n<p>Tan pronto como https:\/\/unjardindanslafalaise.com\/ tenga conocimiento del fallecimiento de un Usuario y en ausencia de instrucciones por parte de \u00e9ste, https:\/\/unjardindanslafalaise.com\/ se compromete a destruir los datos del Usuario, salvo que sea necesario conservarlos a efectos probatorios o para cumplir con una obligaci\u00f3n legal.<\/p>\n<p>Si el Usuario desea conocer el uso que https:\/\/unjardindanslafalaise.com\/ hace de sus Datos Personales, solicitar su rectificaci\u00f3n u oponerse a su tratamiento, puede dirigirse por escrito a https:\/\/unjardindanslafalaise.com\/ en la siguiente direcci\u00f3n<\/p>\n<p>Un jard\u00edn en el acantilado<br \/>\n146 rue du bout du lieu<br \/>\n46330 Cabrerets<\/p>\n<p>En este caso, el Usuario deber\u00e1 indicar los Datos Personales que desea que https:\/\/unjardindanslafalaise.com\/ rectifique, actualice o suprima, identific\u00e1ndose de forma precisa con copia de un documento de identidad (DNI o pasaporte).<\/p>\n<p>Las solicitudes de supresi\u00f3n de Datos Personales estar\u00e1n sujetas a las obligaciones impuestas por la ley a https:\/\/unjardindanslafalaise.com\/, en particular en materia de conservaci\u00f3n o archivo de documentos. Por \u00faltimo, los Usuarios de https:\/\/unjardindanslafalaise.com podr\u00e1n presentar una reclamaci\u00f3n ante las autoridades de control, en particular la CNIL (https:\/\/www.cnil.fr\/fr\/plaintes).<\/p>\n<p><strong>7.4 No divulgaci\u00f3n de datos personales<\/strong><br \/>\nhttps:\/\/unjardindanslafalaise.com\/ se compromete a no tratar, alojar o transferir la Informaci\u00f3n recogida de sus Clientes a un pa\u00eds situado fuera de la Uni\u00f3n Europea o reconocido como \"no adecuado\" por la Comisi\u00f3n Europea sin informar previamente al Cliente. No obstante, https:\/\/unjardindanslafalaise.com\/ sigue siendo libre de elegir a sus subcontratistas t\u00e9cnicos y comerciales siempre que ofrezcan garant\u00edas suficientes con respecto a los requisitos del Reglamento General de Protecci\u00f3n de Datos (GDPR: n.\u00ba 2016-679).<\/p>\n<p>https:\/\/unjardindanslafalaise.com\/ se compromete a tomar todas las precauciones necesarias para preservar la seguridad de la Informaci\u00f3n y, en particular, para garantizar que no se comunique a personas no autorizadas. No obstante, si se pone en conocimiento de https:\/\/unjardindanslafalaise.com\/ un incidente que afecte a la integridad o confidencialidad de la Informaci\u00f3n del Cliente, \u00e9sta deber\u00e1 informar al Cliente lo antes posible y comunicarle las medidas correctoras adoptadas. Adem\u00e1s, https:\/\/unjardindanslafalaise.com\/ no recoge ning\u00fan \"dato sensible\".<\/p>\n<p>Los Datos Personales del Usuario podr\u00e1n ser tratados por las filiales y subcontratistas (proveedores de servicios) de https:\/\/unjardindanslafalaise.com\/, exclusivamente para la consecuci\u00f3n de los fines de esta pol\u00edtica.<\/p>\n<p>Dentro de los l\u00edmites de sus respectivas responsabilidades y para los fines expuestos anteriormente, las principales personas que pueden tener acceso a los datos de los Usuarios en https:\/\/unjardindanslafalaise.com son nuestros agentes del servicio de atenci\u00f3n al cliente.<\/p>\n<ol start=\"8\">\n<li><strong> Notificaci\u00f3n de incidentes<\/strong><br \/>\nA pesar de nuestros esfuerzos, ning\u00fan m\u00e9todo de transmisi\u00f3n a trav\u00e9s de Internet y ning\u00fan m\u00e9todo de almacenamiento electr\u00f3nico es completamente seguro. Por ello, no podemos garantizar una seguridad absoluta. Si tenemos conocimiento de una violaci\u00f3n de la seguridad, lo notificaremos a los usuarios afectados para que puedan tomar las medidas oportunas. Nuestros procedimientos de notificaci\u00f3n de incidentes tienen en cuenta nuestras obligaciones legales, ya sean nacionales o europeas. Nos comprometemos a mantener a nuestros clientes plenamente informados de todas las cuestiones relacionadas con la seguridad de su cuenta y a facilitarles toda la informaci\u00f3n necesaria para ayudarles a cumplir sus propias obligaciones reglamentarias de notificaci\u00f3n.<\/li>\n<\/ol>\n<p>Ninguna informaci\u00f3n personal del usuario del sitio https:\/\/unjardindanslafalaise.com es publicada sin el conocimiento del usuario, intercambiada, transferida, cedida o vendida en ning\u00fan soporte a terceros. \u00danicamente la asunci\u00f3n de la recompra de https:\/\/unjardindanslafalaise.com y de sus derechos permitir\u00eda la transmisi\u00f3n de la informaci\u00f3n antes mencionada al posible comprador que estar\u00eda a su vez sujeto a la misma obligaci\u00f3n de conservaci\u00f3n y modificaci\u00f3n de los datos con respecto al usuario del sitio https:\/\/unjardindanslafalaise.com.<\/p>\n<p><strong>Seguridad<\/strong><br \/>\nPara garantizar la seguridad y confidencialidad de los Datos Personales y de los Datos Personales de Salud, https:\/\/unjardindanslafalaise.com utiliza redes protegidas por dispositivos est\u00e1ndar como cortafuegos, seudonimizaci\u00f3n, cifrado y contrase\u00f1as.<\/p>\n<p>Cuando procesa Datos Personales, https:\/\/unjardindanslafalaise.comprend toma todas las medidas razonables para protegerlos contra p\u00e9rdida, uso indebido, acceso no autorizado, divulgaci\u00f3n, alteraci\u00f3n o destrucci\u00f3n.<\/p>\n<ol start=\"9\">\n<li><strong> Enlaces de hipertexto, cookies y etiquetas de Internet<\/strong><br \/>\nEl sitio https:\/\/unjardindanslafalaise.com contiene una serie de enlaces de hipertexto hacia otros sitios, establecidos con la autorizaci\u00f3n de https:\/\/unjardindanslafalaise.com. No obstante, https:\/\/unjardindanslafalaise.com no est\u00e1 en condiciones de controlar el contenido de los sitios visitados de este modo y, por consiguiente, no asume ninguna responsabilidad al respecto.<\/li>\n<\/ol>\n<p>A menos que decida desactivar las cookies, acepta que el sitio las utilice. Puede desactivar estas cookies en cualquier momento, de forma gratuita, utilizando las opciones de desactivaci\u00f3n que se le ofrecen y que se describen a continuaci\u00f3n, teniendo en cuenta que esto puede reducir o impedir el acceso a todos o parte de los Servicios ofrecidos por el sitio.<\/p>\n<p><strong>9.1. COOKIES<\/strong><\/p>\n<p>Una \"cookie\" es un peque\u00f1o archivo de informaci\u00f3n enviado al navegador del Usuario y almacenado en el terminal del Usuario (por ejemplo, ordenador, smartphone) (en lo sucesivo, \"Cookies\"). Este archivo incluye informaci\u00f3n como el nombre de dominio del Usuario, el proveedor de servicios de Internet del Usuario, el sistema operativo del Usuario y la fecha y hora de acceso. Las cookies no pueden en ning\u00fan caso da\u00f1ar el terminal del Usuario.<\/p>\n<p>Es probable que https:\/\/unjardindanslafalaise.com procese informaci\u00f3n sobre la visita del Usuario al Sitio, como las p\u00e1ginas consultadas y las b\u00fasquedas realizadas. Esta informaci\u00f3n permite a https:\/\/unjardindanslafalaise.com mejorar el contenido del Sitio y la experiencia de navegaci\u00f3n del Usuario.<\/p>\n<p>Dado que las Cookies facilitan la navegaci\u00f3n y\/o la prestaci\u00f3n de los servicios ofrecidos por el Sitio, el Usuario podr\u00e1 configurar su navegador para que le permita decidir si las acepta o no, de manera que las Cookies se almacenen en el terminal o, por el contrario, sean rechazadas, bien sistem\u00e1ticamente o en funci\u00f3n del emisor. El Usuario tambi\u00e9n puede configurar su programa de navegaci\u00f3n para que se le ofrezca la posibilidad de aceptar o rechazar las Cookies cada cierto tiempo, antes de que una Cookie pueda almacenarse en su terminal. https:\/\/unjardindanslafalaise.com informa al Usuario de que, en este caso, es posible que no todas las funciones de su programa de navegaci\u00f3n est\u00e9n disponibles.<\/p>\n<p>Si el Usuario se niega a guardar Cookies en su terminal o navegador, o si elimina las guardadas, se le informa de que su navegaci\u00f3n y experiencia en el Sitio pueden verse limitadas. Este tambi\u00e9n puede ser el caso cuando https:\/\/unjardindanslafalaise.com o uno de sus proveedores de servicios no pueda reconocer, por motivos de compatibilidad t\u00e9cnica, el tipo de navegador utilizado por el terminal, el idioma y la configuraci\u00f3n de pantalla o el pa\u00eds desde el que el terminal parece estar conectado a Internet.<\/p>\n<p>En su caso, https:\/\/unjardindanslafalaise.com declina toda responsabilidad por las consecuencias vinculadas a la degradaci\u00f3n del funcionamiento del Sitio y de cualesquiera servicios ofrecidos por https:\/\/unjardindanslafalaise.com, resultantes de (i) el rechazo de Cookies por parte del Usuario (ii) la imposibilidad para https:\/\/unjardindanslafalaise.com de registrar o consultar las Cookies necesarias para su funcionamiento debido a la elecci\u00f3n del Usuario. Para la gesti\u00f3n de las Cookies y las elecciones del Usuario, la configuraci\u00f3n de cada navegador es diferente. Se describe en el men\u00fa de ayuda del navegador, que indicar\u00e1 c\u00f3mo el Usuario puede modificar sus deseos con respecto a las Cookies.<\/p>\n<p>Los usuarios pueden optar por expresar y modificar sus deseos en relaci\u00f3n con las cookies en cualquier momento. https:\/\/unjardindanslafalaise.com tambi\u00e9n puede utilizar los servicios de proveedores de servicios externos para ayudar a recopilar y procesar la informaci\u00f3n descrita en esta secci\u00f3n.<\/p>\n<p>Por \u00faltimo, al hacer clic en los iconos dedicados a las redes sociales Twitter, Facebook, Linkedin y Google Plus que aparecen en el Sitio Web https:\/\/unjardindanslafalaise.com o en su aplicaci\u00f3n m\u00f3vil y si el Usuario ha aceptado el dep\u00f3sito de cookies al continuar navegando por el Sitio Web https:\/\/unjardindanslafalaise.com o su aplicaci\u00f3n m\u00f3vil, Twitter, Facebook, Linkedin y Google Plus tambi\u00e9n podr\u00e1n depositar cookies en sus terminales (ordenador, tableta, tel\u00e9fono m\u00f3vil).<\/p>\n<p>Este tipo de cookies s\u00f3lo se depositan en sus terminales si el Usuario da su consentimiento al continuar navegando por el sitio web o la aplicaci\u00f3n m\u00f3vil https:\/\/unjardindanslafalaise.com. No obstante, los Usuarios pueden retirar su consentimiento para que https:\/\/unjardindanslafalaise.com deposite este tipo de cookies en cualquier momento.<\/p>\n<p><strong>Art\u00edculo 9.2. ETIQUETAS DE INTERNET<\/strong><\/p>\n<p>https:\/\/unjardindanslafalaise.com puede emplear ocasionalmente balizas web (tambi\u00e9n conocidas como \"etiquetas\", etiquetas de acci\u00f3n, GIF de un solo p\u00edxel, GIF transparentes, GIF invisibles y GIF uno a uno) y desplegarlas a trav\u00e9s de un socio especializado en an\u00e1lisis web que puede estar ubicado (y, por tanto, almacenar informaci\u00f3n relacionada, incluida la direcci\u00f3n IP del Usuario) en un pa\u00eds extranjero.<\/p>\n<p>Estas etiquetas se colocan tanto en los anuncios en l\u00ednea que permiten a los internautas acceder al Sitio, como en las distintas p\u00e1ginas del mismo.<\/p>\n<p>Esta tecnolog\u00eda permite a https:\/\/unjardindanslafalaise.com evaluar las respuestas de los visitantes al Sitio y la eficacia de sus acciones (por ejemplo, el n\u00famero de veces que se abre una p\u00e1gina y la informaci\u00f3n consultada), as\u00ed como el uso del Sitio por parte del Usuario.<\/p>\n<p>El proveedor de servicios externo puede recopilar informaci\u00f3n sobre los visitantes del Sitio y de otros sitios web utilizando estas etiquetas, compilar informes sobre la actividad del Sitio para https:\/\/unjardindanslafalaise.com y prestar otros servicios relacionados con el uso del Sitio y de Internet.<\/p>\n<ol start=\"10\">\n<li><strong> Legislaci\u00f3n y jurisdicci\u00f3n aplicables.<\/strong><br \/>\nCualquier litigio relacionado con el uso del sitio web https:\/\/unjardindanslafalaise.com est\u00e1 sujeto a la legislaci\u00f3n francesa. Salvo en los casos en que la ley no lo permita, la jurisdicci\u00f3n exclusiva corresponde a los tribunales competentes de Cahors.<\/li>\n<\/ol>","protected":false},"excerpt":{"rendered":"<p>D\u00e9finitions Client : tout professionnel ou personne physique capable au sens des articles 1123 et suivants du Code civil, ou personne morale, qui visite le Site objet des pr\u00e9sentes conditions g\u00e9n\u00e9rales. Prestations et Services : https:\/\/unjardindanslafalaise.com\/ met \u00e0 disposition des Clients : Contenu : Ensemble des \u00e9l\u00e9ments constituants l\u2019information pr\u00e9sente sur le Site, notamment textes [&hellip;]<\/p>\n","protected":false},"author":1,"featured_media":0,"parent":0,"menu_order":0,"comment_status":"closed","ping_status":"closed","template":"","meta":{"footnotes":""},"class_list":["post-1005","page","type-page","status-publish","hentry"],"aioseo_notices":[],"_links":{"self":[{"href":"https:\/\/unjardindanslafalaise.com\/es\/wp-json\/wp\/v2\/pages\/1005","targetHints":{"allow":["GET"]}}],"collection":[{"href":"https:\/\/unjardindanslafalaise.com\/es\/wp-json\/wp\/v2\/pages"}],"about":[{"href":"https:\/\/unjardindanslafalaise.com\/es\/wp-json\/wp\/v2\/types\/page"}],"author":[{"embeddable":true,"href":"https:\/\/unjardindanslafalaise.com\/es\/wp-json\/wp\/v2\/users\/1"}],"replies":[{"embeddable":true,"href":"https:\/\/unjardindanslafalaise.com\/es\/wp-json\/wp\/v2\/comments?post=1005"}],"version-history":[{"count":1,"href":"https:\/\/unjardindanslafalaise.com\/es\/wp-json\/wp\/v2\/pages\/1005\/revisions"}],"predecessor-version":[{"id":2197,"href":"https:\/\/unjardindanslafalaise.com\/es\/wp-json\/wp\/v2\/pages\/1005\/revisions\/2197"}],"wp:attachment":[{"href":"https:\/\/unjardindanslafalaise.com\/es\/wp-json\/wp\/v2\/media?parent=1005"}],"curies":[{"name":"wp","href":"https:\/\/api.w.org\/{rel}","templated":true}]}}